{"id":2,"date":"2022-11-30T10:06:06","date_gmt":"2022-11-30T10:06:06","guid":{"rendered":"https:\/\/chanhxemuoiteo.com\/?page_id=2"},"modified":"2022-11-30T15:33:29","modified_gmt":"2022-11-30T15:33:29","slug":"lien-he","status":"publish","type":"page","link":"https:\/\/chanhxemuoiteo.com\/index.php\/lien-he\/","title":{"rendered":"Li\u00ean H\u1ec7"},"content":{"rendered":"<div class=\"vce-row-container\" data-vce-boxed-width=\"true\"><div class=\"vce-row vce-row--col-gap-30 vce-row-equal-height vce-row-content--top\" id=\"el-1d6335aa\" data-vce-do-apply=\"all el-1d6335aa\"><div class=\"vce-row-content\" data-vce-element-content=\"true\"><div class=\"vce-col vce-col--md-auto vce-col--xs-1 vce-col--xs-last vce-col--xs-first vce-col--sm-last vce-col--sm-first vce-col--md-first vce-col--lg-first vce-col--xl-first\" id=\"el-6b1b7208\"><div class=\"vce-col-inner\" data-vce-do-apply=\"border margin background  el-6b1b7208\"><div class=\"vce-col-content\" data-vce-element-content=\"true\" data-vce-do-apply=\"padding el-6b1b7208\"><div class=\"vce-text-block\"><div class=\"vce-text-block-wrapper vce\" id=\"el-5e25cb1e\" data-vce-do-apply=\"all el-5e25cb1e\">\n<h1><span style=\"font-size: 14pt;\"><span style=\"color: #ff0000;\"><strong>Li\u00ean h\u1ec7 ho\u1eb7c \u0111i\u1ec1n th\u00f4ng tin \u0111\u1ec3 nh\u1eadn b\u00e1o gi\u00e1<\/strong><\/span><\/span><\/h1>\n\n<blockquote class=\"wp-block-quote is-layout-flow wp-block-quote-is-layout-flow\">\n<p><strong>Ch\u00e0nh 1: 11-13-15 Mai Xu\u00e2n Th\u01b0\u1edfng, P3, Qu\u1eadn 6, TP.HCM<\/strong><\/p>\n\n<p><strong>Ch\u00e0nh 2: 203-205 H\u1ed3 Ng\u1ecdc L\u00e3m, P. An L\u1ea1c, Q. B\u00ecnh T\u00e2n, TP.HCM<\/strong><\/p>\n\n<p>HotLine: 090.384.0917 (Anh T\u00e8o)<\/p>\n<\/blockquote>\n\n<blockquote class=\"wp-block-quote is-layout-flow wp-block-quote-is-layout-flow\">\n<p><strong>Ch\u00e0nh H\u1eadu Giang: 721A Tr\u1ea7n H\u01b0ng \u0110\u1ea1o, P.7, TP. V\u1ecb Thanh, T\u1ec9nh H\u1eadu Giang<\/strong><\/p>\n\n<p>Hotline: 093.7757.688 (Ch\u1ecb Nh\u00ed)<\/p>\n<\/blockquote>\n<\/div><\/div><\/div><\/div><\/div><div class=\"vce-col vce-col--md-auto vce-col--xs-1 vce-col--xs-last vce-col--xs-first vce-col--sm-last vce-col--sm-first vce-col--md-last vce-col--lg-last vce-col--xl-last\" id=\"el-612119cd\"><div class=\"vce-col-inner\" data-vce-do-apply=\"border margin background  el-612119cd\"><div class=\"vce-col-content\" data-vce-element-content=\"true\" data-vce-do-apply=\"padding el-612119cd\"><div class=\"vce-shortcode\"><div class=\"vce-shortcode-wrapper vce\" id=\"el-3b1b9911\" data-vce-do-apply=\"all el-3b1b9911\">\n<div class=\"wpcf7 no-js\" id=\"wpcf7-f36-o1\" lang=\"en-US\" dir=\"ltr\">\n<div class=\"screen-reader-response\"><p role=\"status\" aria-live=\"polite\" aria-atomic=\"true\"><\/p> <ul><\/ul><\/div>\n<form action=\"\/index.php\/wp-json\/wp\/v2\/pages\/2#wpcf7-f36-o1\" method=\"post\" class=\"wpcf7-form init\" aria-label=\"Contact form\" novalidate=\"novalidate\" data-status=\"init\">\n<div style=\"display: none;\">\n<input type=\"hidden\" name=\"_wpcf7\" value=\"36\" \/>\n<input type=\"hidden\" name=\"_wpcf7_version\" value=\"5.7.7\" \/>\n<input type=\"hidden\" name=\"_wpcf7_locale\" value=\"en_US\" \/>\n<input type=\"hidden\" name=\"_wpcf7_unit_tag\" value=\"wpcf7-f36-o1\" \/>\n<input type=\"hidden\" name=\"_wpcf7_container_post\" value=\"0\" \/>\n<input type=\"hidden\" name=\"_wpcf7_posted_data_hash\" value=\"\" \/>\n<\/div>\n<p><label> T\u00ean b\u1ea1n<br \/>\n<span class=\"wpcf7-form-control-wrap\" data-name=\"your-name\"><input size=\"40\" class=\"wpcf7-form-control wpcf7-text wpcf7-validates-as-required\" aria-required=\"true\" aria-invalid=\"false\" value=\"\" type=\"text\" name=\"your-name\" \/><\/span> <\/label>\n<\/p>\n<p><label> S\u1ed1 DT<br \/>\n<span class=\"wpcf7-form-control-wrap\" data-name=\"tel-348\"><input size=\"40\" class=\"wpcf7-form-control wpcf7-text wpcf7-tel wpcf7-validates-as-required wpcf7-validates-as-tel\" aria-required=\"true\" aria-invalid=\"false\" value=\"\" type=\"tel\" name=\"tel-348\" \/><\/span> <\/label>\n<\/p>\n<p><label> Lo\u1ea1i h\u00e0ng<br \/>\n<span class=\"wpcf7-form-control-wrap\" data-name=\"text-16\"><input size=\"40\" class=\"wpcf7-form-control wpcf7-text\" aria-invalid=\"false\" value=\"\" type=\"text\" name=\"text-16\" \/><\/span> <\/label>\n<\/p>\n<p><label>S\u1ed1 l\u01b0\u1ee3ng<br \/>\n<span class=\"wpcf7-form-control-wrap\" data-name=\"number-197\"><input class=\"wpcf7-form-control wpcf7-number wpcf7-validates-as-number\" aria-invalid=\"false\" value=\"\" type=\"number\" name=\"number-197\" \/><\/span> <\/label>\n<\/p>\n<p><label>Tr\u1ecdng l\u01b0\u1ee3ng (kg)<br \/>\n<span class=\"wpcf7-form-control-wrap\" data-name=\"number-197\"><input class=\"wpcf7-form-control wpcf7-number wpcf7-validates-as-number\" aria-invalid=\"false\" value=\"\" type=\"number\" name=\"number-197\" \/><\/span> <\/label>\n<\/p>\n<p><label>K\u00edch th\u01b0\u1edbc (D\u00e0i x R\u1ed9ng x Cao)-cm<br \/>\n<span class=\"wpcf7-form-control-wrap\" data-name=\"text-16\"><input size=\"40\" class=\"wpcf7-form-control wpcf7-text\" aria-invalid=\"false\" value=\"\" type=\"text\" name=\"text-16\" \/><\/span> <\/label>\n<\/p>\n<p><label>\u0110\u1ecba ch\u1ec9 giao h\u00e0ng<br \/>\n<span class=\"wpcf7-form-control-wrap\" data-name=\"text-16\"><input size=\"40\" class=\"wpcf7-form-control wpcf7-text\" aria-invalid=\"false\" value=\"\" type=\"text\" name=\"text-16\" \/><\/span> <\/label>\n<\/p>\n<p><input class=\"wpcf7-form-control has-spinner wpcf7-submit\" type=\"submit\" value=\"G\u1eedi\" \/>\n<\/p><div class=\"wpcf7-response-output\" aria-hidden=\"true\"><\/div>\n<\/form>\n<\/div>\n<\/div><\/div><\/div><\/div><\/div><\/div><\/div><\/div>","protected":false},"excerpt":{"rendered":"<p>Li\u00ean h\u1ec7 ho\u1eb7c \u0111i\u1ec1n th\u00f4ng tin \u0111\u1ec3 nh\u1eadn b\u00e1o gi\u00e1 Ch\u00e0nh 1: 11-13-15 Mai Xu\u00e2n Th\u01b0\u1edfng, P3, Qu\u1eadn 6, TP.HCM Ch\u00e0nh 2: 203-205 H\u1ed3 Ng\u1ecdc L\u00e3m, P. An L\u1ea1c, Q. B\u00ecnh T\u00e2n, TP.HCM HotLine: 090.384.0917 (Anh T\u00e8o) Ch\u00e0nh H\u1eadu Giang: &hellip; <a href=\"https:\/\/chanhxemuoiteo.com\/index.php\/lien-he\/\">Continue reading <span class=\"meta-nav\">&rarr;<\/span><\/a><\/p>\n","protected":false},"author":1,"featured_media":0,"parent":0,"menu_order":0,"comment_status":"closed","ping_status":"closed","template":"","meta":{"footnotes":""},"class_list":["post-2","page","type-page","status-publish","hentry"],"_links":{"self":[{"href":"https:\/\/chanhxemuoiteo.com\/index.php\/wp-json\/wp\/v2\/pages\/2","targetHints":{"allow":["GET"]}}],"collection":[{"href":"https:\/\/chanhxemuoiteo.com\/index.php\/wp-json\/wp\/v2\/pages"}],"about":[{"href":"https:\/\/chanhxemuoiteo.com\/index.php\/wp-json\/wp\/v2\/types\/page"}],"author":[{"embeddable":true,"href":"https:\/\/chanhxemuoiteo.com\/index.php\/wp-json\/wp\/v2\/users\/1"}],"replies":[{"embeddable":true,"href":"https:\/\/chanhxemuoiteo.com\/index.php\/wp-json\/wp\/v2\/comments?post=2"}],"version-history":[{"count":7,"href":"https:\/\/chanhxemuoiteo.com\/index.php\/wp-json\/wp\/v2\/pages\/2\/revisions"}],"predecessor-version":[{"id":48,"href":"https:\/\/chanhxemuoiteo.com\/index.php\/wp-json\/wp\/v2\/pages\/2\/revisions\/48"}],"wp:attachment":[{"href":"https:\/\/chanhxemuoiteo.com\/index.php\/wp-json\/wp\/v2\/media?parent=2"}],"curies":[{"name":"wp","href":"https:\/\/api.w.org\/{rel}","templated":true}]}}